{"id":366,"date":"2023-07-13T12:50:21","date_gmt":"2023-07-13T12:50:21","guid":{"rendered":"https:\/\/iberik.neozinkwp.com\/?post_type=product&#038;p=366"},"modified":"2026-03-27T14:17:54","modified_gmt":"2026-03-27T13:17:54","slug":"escapada-romantica-rocallaura","status":"publish","type":"product","link":"https:\/\/shop.iberikhoteles.com\/rocallaura-balneari\/producto\/escapada-romantica-rocallaura\/","title":{"rendered":"Escapada rom\u00e1ntica en la Ruta del Cister"},"content":{"rendered":"<p class=\"subtitle-font\"><span style=\"color: #000000;\">Descubre <strong>Iberik Rocallaura Balneari<\/strong> y experimenta la sensaci\u00f3n maravillosa del descanso en un entorno \u00fanico. Disfruta de una estancia perfecta en nuestras acogedoras habitaciones y de un completo desayuno buffet al despertarte.\u00a0<\/span><\/p>\n<p><!--more--><\/p>\n<p><span style=\"color: #000000;\">Una cena muy especial os estar\u00e1 esperando para terminar un d\u00eda perfecto. Disfruta y rel\u00e1jate en las aguas de nuestro balneario y atesora un recuerdo imborrable.<\/span><\/p>\n<p><strong>El bono incluye:<\/strong><\/p>\n<ul>\n<li class=\"subtitle-font\">1 noche para dos personas en r\u00e9gimen de media pensi\u00f3n.<\/li>\n<li class=\"subtitle-font\">1 acceso al Circuito Termal por persona (90 minutos de duraci\u00f3n)<\/li>\n<li class=\"subtitle-font\">Botella de cava en la habitaci\u00f3n<\/li>\n<\/ul>\n<p><em>Este bono regalo no podr\u00e1 ser usado en agosto, puentes y festivos. No ser\u00e1 v\u00e1lido en galas organizadas por el hotel y estar\u00e1 sujeto a la\u00a0 disponibilidad del cupo de bonos regalo del establecimiento.<\/em><\/p>\n","protected":false},"excerpt":{"rendered":"<p>Descubre Iberik Rocallaura Balneari y experimenta la sensaci\u00f3n maravillosa del descanso en un entorno \u00fanico. Disfruta de una estancia perfecta en nuestras acogedoras habitaciones y de un completo desayuno buffet al despertarte.\u00a0<\/p>\n","protected":false},"featured_media":646,"template":"","meta":{"inline_featured_image":false},"product_brand":[],"product_cat":[52],"product_tag":[44,47,48],"class_list":{"0":"post-366","1":"product","2":"type-product","3":"status-publish","4":"has-post-thumbnail","6":"product_cat-iberik-rocallaura","7":"product_tag-romantico","8":"product_tag-termalismo","9":"product_tag-wellness","11":"first","12":"instock","13":"virtual","14":"purchasable","15":"product-type-simple"},"_links":{"self":[{"href":"https:\/\/shop.iberikhoteles.com\/rocallaura-balneari\/wp-json\/wp\/v2\/product\/366","targetHints":{"allow":["GET"]}}],"collection":[{"href":"https:\/\/shop.iberikhoteles.com\/rocallaura-balneari\/wp-json\/wp\/v2\/product"}],"about":[{"href":"https:\/\/shop.iberikhoteles.com\/rocallaura-balneari\/wp-json\/wp\/v2\/types\/product"}],"wp:featuredmedia":[{"embeddable":true,"href":"https:\/\/shop.iberikhoteles.com\/rocallaura-balneari\/wp-json\/wp\/v2\/media\/646"}],"wp:attachment":[{"href":"https:\/\/shop.iberikhoteles.com\/rocallaura-balneari\/wp-json\/wp\/v2\/media?parent=366"}],"wp:term":[{"taxonomy":"product_brand","embeddable":true,"href":"https:\/\/shop.iberikhoteles.com\/rocallaura-balneari\/wp-json\/wp\/v2\/product_brand?post=366"},{"taxonomy":"product_cat","embeddable":true,"href":"https:\/\/shop.iberikhoteles.com\/rocallaura-balneari\/wp-json\/wp\/v2\/product_cat?post=366"},{"taxonomy":"product_tag","embeddable":true,"href":"https:\/\/shop.iberikhoteles.com\/rocallaura-balneari\/wp-json\/wp\/v2\/product_tag?post=366"}],"curies":[{"name":"wp","href":"https:\/\/api.w.org\/{rel}","templated":true}]}}