{"id":689,"date":"2024-03-07T10:09:38","date_gmt":"2024-03-07T09:09:38","guid":{"rendered":"https:\/\/shop.iberikhoteles.com\/?post_type=product&#038;p=689"},"modified":"2026-03-27T14:11:38","modified_gmt":"2026-03-27T13:11:38","slug":"escapada-sabores-mimos-guitiriz","status":"publish","type":"product","link":"https:\/\/shop.iberikhoteles.com\/gran-balneario-de-guitiriz\/producto\/escapada-sabores-mimos-guitiriz\/","title":{"rendered":"Escapada \u00abSabores &#038; Mimos\u00bb"},"content":{"rendered":"<div>\n<h4 data-path-to-node=\"7\"><b>Un viaje para los sentidos, dise\u00f1ado para compartir.<\/b><\/h4>\n<p data-path-to-node=\"8\">Hay regalos que se disfrutan y regalos que se <i>viven<\/i>. La experiencia <b>Sabores &amp; Mimos<\/b> ha sido creada para aquellas parejas que buscan desconectar del mundo para reconectar entre ellas, fusionando la excelencia culinaria con el cuidado personal m\u00e1s exclusivo.<\/p>\n<\/div>\n<p><!--more--><\/p>\n<div>\n<p data-path-to-node=\"9\">Vuestra jornada comenzar\u00e1 (o culminar\u00e1, seg\u00fan prefir\u00e1is) en <b>7 Mui\u00f1os<\/b>, nuestro espacio gastron\u00f3mico de referencia. All\u00ed, rodeados por la calma del bosque, disfrutar\u00e9is de una experiencia gastron\u00f3mica donde el producto de temporada y la cocina de autor cobran vida, convirtiendo cada plato en un homenaje al sabor de Galicia.<\/p>\n<p data-path-to-node=\"10\">Pero el placer no termina en la mesa. Esta escapada incluye el acceso a nuestro balneario, reconocido como <b>Best Thermal Spa 2025<\/b>, donde las aguas mineromedicinales os esperan para renovar cuerpo y mente. Y para honrar el nombre de esta experiencia, recibir\u00e9is un <b>tratamiento exclusivo de masaje<\/b>, el \u00abmimo\u00bb definitivo para alcanzar la relajaci\u00f3n absoluta.<\/p>\n<p><strong>Esta experiencia para 2 personas incluye:<\/strong><\/p>\n<ul>\n<li><strong>Alojamiento y desayuno para dos personas<\/strong> en habitaci\u00f3n doble con todas las comodidades.<\/li>\n<li><strong>Cena a la carta en el Restaurante 7 Mui\u00f1os:<\/strong> Podr\u00e1s disfrutar de un sorprendente men\u00fa degustaci\u00f3n elaborado con productos seleccionados por nuestro chef. 5 pases que incluyen productos del mar y de la tierra dise\u00f1ado para sorprender a los paladares m\u00e1s exigentes. <em>(Bebidas no incluidas)<\/em><\/li>\n<li><strong>Acceso al circuito acu\u00e1tico <\/strong><em>(90 minutos)<\/em><strong>:<\/strong> Disfrutad juntos de nuestras instalaciones premiadas, con piscinas activas, chorros y zonas de contraste en un entorno hist\u00f3rico incomparable.<\/li>\n<li><strong>Tratamiento<\/strong>: Purif\u00edcate por completo con una de nuestras envolturas corporales disponibles en nuestra carta (a elegir)\n<ul>\n<li>Las <strong>Algas<\/strong> con sus vitaminas, prote\u00ednas y otros muchos nutrientes ayudan a disminuir problemas en la piel como flacidez, la retenci\u00f3n de l\u00edquidos y las grasas.<\/li>\n<li>Los <strong>Limos Marinos<\/strong> act\u00faan como anticelul\u00edtico y activador del metabolismo, limpian, rehidratan y nutren la piel, ayudando a eliminar toxinas y remodelar la silueta.<\/li>\n<li>Las <strong>semillas de las Uvas Rojas<\/strong> son un excelente exfoliante para la piel que, adem\u00e1s de limpiarla, te ayudan a activar la producci\u00f3n de col\u00e1geno y elastina.<\/li>\n<li>El <strong>Chocolate<\/strong> contiene polifenoles que act\u00faan como agentes reafirmantes, ayudando a quemar la grasa acumulada y reduciendo la celulitis durante la envoltura. Adem\u00e1s, el chocolate remineraliza la piel gracias a sus oligoelementos: magnesio, potasio y calcio. Este tipo de tratamiento es recomendado para las personas bajas de moral, porque a trav\u00e9s de piel, el chocolate ayuda a la secreci\u00f3n de endorfinas, la sustancia de la felicidad.<\/li>\n<li>El <strong>Aloe Vera<\/strong> suavizar\u00e1 tu piel al m\u00e1ximo y proporcionar\u00e1 una tersura y una sedosidad extremas, adem\u00e1s act\u00faa protegiendo y reparando el da\u00f1o producido por los efectos adversos del medio ambiente, mejorando la textura y apariencia de la piel.<\/li>\n<li>El <strong>Aceite de Mono\u00ef<\/strong> es conocido por su capacidad para hidratar y nutrir la piel en profundidad. Su composici\u00f3n rica en \u00e1cidos grasos y antioxidantes ayuda a retener la humedad, dejando la piel suave y flexible<\/li>\n<\/ul>\n<\/li>\n<\/ul>\n<p><em>Este bono regalo no podr\u00e1 ser usado en agosto, puentes y festivos. No ser\u00e1 v\u00e1lido en galas organizadas por el hotel y estar\u00e1 sujeto a la\u00a0 disponibilidad del cupo de bonos regalo del establecimiento.<\/em><\/p>\n<\/div>\n","protected":false},"excerpt":{"rendered":"<p>Nuestra experiencia m\u00e1s completa en Iberik Gran Balneario de Guitiriz y disfruta del descanso y la desconexi\u00f3n que solo encontrar\u00e1s en este lugar tan emblem\u00e1tico rodeado de naturaleza. Tendr\u00e1s una estancia perfecta en nuestras renovadas habitaciones y un completo desayuno buffet al despertarte. Una cena muy especial os estar\u00e1 esperando para terminar un d\u00eda perfecto.<\/p>\n<p><strong>El bono incluye:<\/strong><\/p>\n<ul>\n<li>1 noche para dos personas en r\u00e9gimen de media pensi\u00f3n con un men\u00fa compuesto por\u00a0platos seleccionados por nuestro chef<\/li>\n<li>1 acceso al Circuito Termal por persona (90 minutos de duraci\u00f3n)<\/li>\n<li>1 envoltura corporal por persona (20 minutos de duraci\u00f3n)<\/li>\n<li>Botella de cava en la habitaci\u00f3n<\/li>\n<\/ul>\n","protected":false},"featured_media":690,"template":"","meta":{"inline_featured_image":false},"product_brand":[],"product_cat":[50],"product_tag":[43,47,48],"class_list":{"0":"post-689","1":"product","2":"type-product","3":"status-publish","4":"has-post-thumbnail","6":"product_cat-iberik-gran-balneario-de-guitiriz","7":"product_tag-gastronomia","8":"product_tag-termalismo","9":"product_tag-wellness","11":"first","12":"instock","13":"virtual","14":"purchasable","15":"product-type-simple"},"_links":{"self":[{"href":"https:\/\/shop.iberikhoteles.com\/gran-balneario-de-guitiriz\/wp-json\/wp\/v2\/product\/689","targetHints":{"allow":["GET"]}}],"collection":[{"href":"https:\/\/shop.iberikhoteles.com\/gran-balneario-de-guitiriz\/wp-json\/wp\/v2\/product"}],"about":[{"href":"https:\/\/shop.iberikhoteles.com\/gran-balneario-de-guitiriz\/wp-json\/wp\/v2\/types\/product"}],"wp:featuredmedia":[{"embeddable":true,"href":"https:\/\/shop.iberikhoteles.com\/gran-balneario-de-guitiriz\/wp-json\/wp\/v2\/media\/690"}],"wp:attachment":[{"href":"https:\/\/shop.iberikhoteles.com\/gran-balneario-de-guitiriz\/wp-json\/wp\/v2\/media?parent=689"}],"wp:term":[{"taxonomy":"product_brand","embeddable":true,"href":"https:\/\/shop.iberikhoteles.com\/gran-balneario-de-guitiriz\/wp-json\/wp\/v2\/product_brand?post=689"},{"taxonomy":"product_cat","embeddable":true,"href":"https:\/\/shop.iberikhoteles.com\/gran-balneario-de-guitiriz\/wp-json\/wp\/v2\/product_cat?post=689"},{"taxonomy":"product_tag","embeddable":true,"href":"https:\/\/shop.iberikhoteles.com\/gran-balneario-de-guitiriz\/wp-json\/wp\/v2\/product_tag?post=689"}],"curies":[{"name":"wp","href":"https:\/\/api.w.org\/{rel}","templated":true}]}}