{"id":686,"date":"2024-03-07T10:02:30","date_gmt":"2024-03-07T09:02:30","guid":{"rendered":"https:\/\/shop.iberikhoteles.com\/?post_type=product&#038;p=686"},"modified":"2026-03-27T14:12:15","modified_gmt":"2026-03-27T13:12:15","slug":"escapada-romantica-en-guitiriz","status":"publish","type":"product","link":"https:\/\/shop.iberikhoteles.com\/gran-balneario-de-guitiriz\/producto\/escapada-romantica-en-guitiriz\/","title":{"rendered":"Escapada rom\u00e1ntica en Guitiriz"},"content":{"rendered":"<h4 data-path-to-node=\"6\"><b>El escenario perfecto para celebrar vuestra historia.<\/b><\/h4>\n<p data-path-to-node=\"7\">Hay lugares que parecen dise\u00f1ados para el amor. Iberik Gran Balneario de Guitiriz es uno de ellos. Esta escapada es una invitaci\u00f3n a detener el tiempo, alejarse de la rutina y disfrutar de la intimidad en un entorno hist\u00f3rico rodeado de naturaleza.<\/p>\n<p><!--more--><\/p>\n<p data-path-to-node=\"8\">La experiencia os invita a descubrir la excelencia de nuestro <b>Restaurante 7 Mui\u00f1os<\/b>, un espacio donde la cocina gallega se eleva a su m\u00e1xima expresi\u00f3n. En un ambiente c\u00e1lido y sofisticado, disfrutar\u00e9is de una velada inolvidable con vistas a nuestro bosque centenario.<\/p>\n<p data-path-to-node=\"9\">Para completar vuestra estancia, tendr\u00e9is acceso exclusivo a nuestro balneario, recientemente galardonado como <b>Best Thermal Spa 2025<\/b>. Sumerg\u00edos en nuestras aguas mineromedicinales y dejad que el bienestar y la calma absoluta sean los protagonistas de vuestro viaje.<\/p>\n<p data-path-to-node=\"10\"><b>Esta experiencia para 2 personas incluye:<\/b><\/p>\n<ul data-path-to-node=\"11\">\n<li>\n<p data-path-to-node=\"11,0,0\"><b>Alojamiento y desayuno:<\/b> Noche en habitaci\u00f3n doble con todas las comodidades para un descanso reparador. Incluye una botella de cava.<\/p>\n<\/li>\n<li>\n<p data-path-to-node=\"11,1,0\"><b>Cena para 2 personas en el Restaurante 7 Mui\u00f1os:<\/b> Podr\u00e1s disfrutar de un sorprendente men\u00fa degustaci\u00f3n elaborado con productos seleccionados por nuestro chef. 5 pases que incluyen productos del mar y de la tierra dise\u00f1ado para sorprender a los paladares m\u00e1s exigentes. <em>(Bebidas no inluidas)<\/em><\/p>\n<\/li>\n<li>\n<p data-path-to-node=\"11,2,0\"><b>Acceso al circuito acu\u00e1tico <\/b><em>(90 minutos)<\/em><b>:<\/b> Relajaos juntos en nuestras instalaciones premiadas, disfrutando de las piscinas activas y los beneficios de nuestras aguas termales.<\/p>\n<\/li>\n<\/ul>\n<p><em>Este bono regalo no podr\u00e1 ser usado en agosto, puentes y festivos. No ser\u00e1 v\u00e1lido en galas organizadas por el hotel y estar\u00e1 sujeto a la\u00a0 disponibilidad del cupo de bonos regalo del establecimiento.<\/em><\/p>\n","protected":false},"excerpt":{"rendered":"<p>El escenario perfecto para celebrar vuestra historia. Hay lugares que parecen dise\u00f1ados para el amor. Iberik Gran Balneario de Guitiriz es uno de ellos. Esta escapada es una invitaci\u00f3n a detener el tiempo, alejarse de la rutina y disfrutar de la intimidad en un entorno hist\u00f3rico rodeado de naturaleza.<\/p>\n","protected":false},"featured_media":1730,"template":"","meta":{"inline_featured_image":false},"product_brand":[],"product_cat":[50],"product_tag":[44,47,48],"class_list":{"0":"post-686","1":"product","2":"type-product","3":"status-publish","4":"has-post-thumbnail","6":"product_cat-iberik-gran-balneario-de-guitiriz","7":"product_tag-romantico","8":"product_tag-termalismo","9":"product_tag-wellness","11":"first","12":"instock","13":"virtual","14":"purchasable","15":"product-type-simple"},"_links":{"self":[{"href":"https:\/\/shop.iberikhoteles.com\/gran-balneario-de-guitiriz\/wp-json\/wp\/v2\/product\/686","targetHints":{"allow":["GET"]}}],"collection":[{"href":"https:\/\/shop.iberikhoteles.com\/gran-balneario-de-guitiriz\/wp-json\/wp\/v2\/product"}],"about":[{"href":"https:\/\/shop.iberikhoteles.com\/gran-balneario-de-guitiriz\/wp-json\/wp\/v2\/types\/product"}],"wp:featuredmedia":[{"embeddable":true,"href":"https:\/\/shop.iberikhoteles.com\/gran-balneario-de-guitiriz\/wp-json\/wp\/v2\/media\/1730"}],"wp:attachment":[{"href":"https:\/\/shop.iberikhoteles.com\/gran-balneario-de-guitiriz\/wp-json\/wp\/v2\/media?parent=686"}],"wp:term":[{"taxonomy":"product_brand","embeddable":true,"href":"https:\/\/shop.iberikhoteles.com\/gran-balneario-de-guitiriz\/wp-json\/wp\/v2\/product_brand?post=686"},{"taxonomy":"product_cat","embeddable":true,"href":"https:\/\/shop.iberikhoteles.com\/gran-balneario-de-guitiriz\/wp-json\/wp\/v2\/product_cat?post=686"},{"taxonomy":"product_tag","embeddable":true,"href":"https:\/\/shop.iberikhoteles.com\/gran-balneario-de-guitiriz\/wp-json\/wp\/v2\/product_tag?post=686"}],"curies":[{"name":"wp","href":"https:\/\/api.w.org\/{rel}","templated":true}]}}