{"id":680,"date":"2024-03-07T09:47:20","date_gmt":"2024-03-07T08:47:20","guid":{"rendered":"https:\/\/shop.iberikhoteles.com\/?post_type=product&#038;p=680"},"modified":"2026-03-27T14:30:56","modified_gmt":"2026-03-27T13:30:56","slug":"escapada-relax-guitiriz","status":"publish","type":"product","link":"https:\/\/shop.iberikhoteles.com\/gran-balneario-de-guitiriz\/producto\/escapada-relax-guitiriz\/","title":{"rendered":"Escapada relax"},"content":{"rendered":"<div>\n<h4 data-path-to-node=\"7\"><b>El arte de detener el tiempo.<\/b><\/h4>\n<p data-path-to-node=\"8\">A veces, el mayor lujo es simplemente parar. La <b>Escapada Relax<\/b> en Iberik Gran Balneario de Guitiriz es una invitaci\u00f3n a recuperar el ritmo natural del cuerpo y silenciar el ruido exterior. Un refugio de paz dise\u00f1ado para quienes buscan descanso sin complicaciones en un entorno hist\u00f3rico incomparable.<\/p>\n<\/div>\n<p><!--more--><\/p>\n<div>\n<p data-path-to-node=\"9\">La estancia incluye el acceso a nuestro balneario, recientemente galardonado como <b>Best Thermal Spa 2025<\/b>. En este santuario de salud, podr\u00e9is sumergiros en las propiedades de nuestras aguas mineromedicinales, dejando que el estr\u00e9s se diluya entre chorros, burbujas y la calma del bosque que nos rodea.<\/p>\n<p data-path-to-node=\"10\">Para comenzar el d\u00eda con la mejor energ\u00eda, disfrutar\u00e9is de nuestro completo <b>Desayuno buffet<\/b>, una selecci\u00f3n cuidada de productos frescos, dulces y salados para saborear sin prisas.<\/p>\n<\/div>\n<p><b>Esta experiencia para 2 personas incluye:<\/b><\/p>\n<ul data-path-to-node=\"12\">\n<li>\n<p data-path-to-node=\"12,0,0\"><b>Alojamiento y desayuno:<\/b> Estancia en habitaci\u00f3n doble con todas las comodidades y un magn\u00edfico desayuno buffet para despertar los sentidos.<\/p>\n<\/li>\n<li>\n<p data-path-to-node=\"12,1,0\"><b>Acceso al circuito acu\u00e1tico <\/b><em>(90 minutos)<\/em><b>:<\/b> Para disfrutar de la excelencia de nuestras instalaciones premiadas, recorriendo nuestras piscinas activas y zonas de relax.<\/p>\n<\/li>\n<\/ul>\n<p><em>Este bono regalo no podr\u00e1 ser usado en agosto, puentes y festivos. No ser\u00e1 v\u00e1lido en galas organizadas por el hotel y estar\u00e1 sujeto a la\u00a0 disponibilidad del cupo de bonos regalo del establecimiento.<\/em><\/p>\n","protected":false},"excerpt":{"rendered":"<p>El arte de detener el tiempo. A veces, el mayor lujo es simplemente parar. La Escapada Relax en Iberik Gran Balneario de Guitiriz es una invitaci\u00f3n a recuperar el ritmo natural del cuerpo y silenciar el ruido exterior. Un refugio de paz dise\u00f1ado para quienes buscan descanso sin complicaciones en un entorno hist\u00f3rico incomparable.<\/p>\n","protected":false},"featured_media":683,"template":"","meta":{"inline_featured_image":false},"product_brand":[],"product_cat":[50],"product_tag":[44,47,48],"class_list":{"0":"post-680","1":"product","2":"type-product","3":"status-publish","4":"has-post-thumbnail","6":"product_cat-iberik-gran-balneario-de-guitiriz","7":"product_tag-romantico","8":"product_tag-termalismo","9":"product_tag-wellness","11":"first","12":"instock","13":"shipping-taxable","14":"purchasable","15":"product-type-variable"},"_links":{"self":[{"href":"https:\/\/shop.iberikhoteles.com\/gran-balneario-de-guitiriz\/wp-json\/wp\/v2\/product\/680","targetHints":{"allow":["GET"]}}],"collection":[{"href":"https:\/\/shop.iberikhoteles.com\/gran-balneario-de-guitiriz\/wp-json\/wp\/v2\/product"}],"about":[{"href":"https:\/\/shop.iberikhoteles.com\/gran-balneario-de-guitiriz\/wp-json\/wp\/v2\/types\/product"}],"wp:featuredmedia":[{"embeddable":true,"href":"https:\/\/shop.iberikhoteles.com\/gran-balneario-de-guitiriz\/wp-json\/wp\/v2\/media\/683"}],"wp:attachment":[{"href":"https:\/\/shop.iberikhoteles.com\/gran-balneario-de-guitiriz\/wp-json\/wp\/v2\/media?parent=680"}],"wp:term":[{"taxonomy":"product_brand","embeddable":true,"href":"https:\/\/shop.iberikhoteles.com\/gran-balneario-de-guitiriz\/wp-json\/wp\/v2\/product_brand?post=680"},{"taxonomy":"product_cat","embeddable":true,"href":"https:\/\/shop.iberikhoteles.com\/gran-balneario-de-guitiriz\/wp-json\/wp\/v2\/product_cat?post=680"},{"taxonomy":"product_tag","embeddable":true,"href":"https:\/\/shop.iberikhoteles.com\/gran-balneario-de-guitiriz\/wp-json\/wp\/v2\/product_tag?post=680"}],"curies":[{"name":"wp","href":"https:\/\/api.w.org\/{rel}","templated":true}]}}