{"id":619,"date":"2023-11-07T11:55:32","date_gmt":"2023-11-07T10:55:32","guid":{"rendered":"https:\/\/iberik.neozinkwp.com\/?post_type=product&#038;p=619"},"modified":"2026-03-27T14:13:10","modified_gmt":"2026-03-27T13:13:10","slug":"descubre-guitiriz","status":"publish","type":"product","link":"https:\/\/shop.iberikhoteles.com\/gran-balneario-de-guitiriz\/producto\/descubre-guitiriz\/","title":{"rendered":"Descubre Guitiriz"},"content":{"rendered":"<h4><strong>El equilibrio perfecto entre la alta cocina y el bienestar.<\/strong><\/h4>\n<p>Te invitamos a descubrir la esencia de Galicia a trav\u00e9s de una jornada dise\u00f1ada para el deleite de los sentidos. La experiencia comienza en 7 Mui\u00f1os, nuestro exclusivo espacio gastron\u00f3mico, donde la tradici\u00f3n culinaria y el producto de proximidad se reinterpretan con t\u00e9cnica y elegancia.<\/p>\n<p><!--more--><\/p>\n<p>Disfruta de nuestra carta, dise\u00f1ada para rendir homenaje a los sabores de la tierra en un entorno natural incomparable.<\/p>\n<p>Para culminar la visita, sum\u00e9rgete en la serenidad de nuestro circuito termal. Deja que las propiedades de nuestras aguas mineromedicinales completen una experiencia de desconexi\u00f3n absoluta en un balneario galardonado por su excelencia como <a href=\"https:\/\/iberikhoteles.com\/actualidad\/iberik-guitiriz-mejor-balneario-2025\/\" target=\"_blank\" rel=\"noopener\">Best Termal Spa 2025<\/a><\/p>\n<p><strong>Esta experiencia incluye:<\/strong><\/p>\n<ul>\n<li><strong>Almuerzo o cena para 2 personas en el Restaurante 7 Mui\u00f1os: <\/strong>Podr\u00e1s disfrutar de un sorprendente men\u00fa degustaci\u00f3n elaborado con productos seleccionados por nuestro chef. 5 pases que incluyen productos del mar y de la tierra dise\u00f1ado para sorprender a los paladares m\u00e1s exigentes <em>(Bebidas no incluidas)<\/em><\/li>\n<li><strong>Acceso para 2 personas al circuito acu\u00e1tico <\/strong>(<em>90 minutos<\/em>): Un recorrido relajante por nuestras piscinas activas y estaciones de hidromasaje en unas instalaciones de referencia internacional.<\/li>\n<\/ul>\n<p><em>Este bono regalo no podr\u00e1 ser usado en agosto, puentes y festivos. No ser\u00e1 v\u00e1lido en galas organizadas por el hotel y estar\u00e1 sujeto a la\u00a0 disponibilidad del cupo de bonos regalo del establecimiento.<\/em><\/p>\n","protected":false},"excerpt":{"rendered":"<p>El equilibrio perfecto entre la alta cocina y el bienestar. Te invitamos a descubrir la esencia de Galicia a trav\u00e9s de una jornada dise\u00f1ada para el deleite de los sentidos. La experiencia comienza en 7 Mui\u00f1os, nuestro exclusivo espacio gastron\u00f3mico, donde la tradici\u00f3n culinaria y el producto de proximidad se reinterpretan con t\u00e9cnica y elegancia.<\/p>\n","protected":false},"featured_media":620,"template":"","meta":{"inline_featured_image":false},"product_brand":[],"product_cat":[50],"product_tag":[47,48],"class_list":{"0":"post-619","1":"product","2":"type-product","3":"status-publish","4":"has-post-thumbnail","6":"product_cat-iberik-gran-balneario-de-guitiriz","7":"product_tag-termalismo","8":"product_tag-wellness","10":"first","11":"instock","12":"virtual","13":"purchasable","14":"product-type-simple"},"_links":{"self":[{"href":"https:\/\/shop.iberikhoteles.com\/gran-balneario-de-guitiriz\/wp-json\/wp\/v2\/product\/619","targetHints":{"allow":["GET"]}}],"collection":[{"href":"https:\/\/shop.iberikhoteles.com\/gran-balneario-de-guitiriz\/wp-json\/wp\/v2\/product"}],"about":[{"href":"https:\/\/shop.iberikhoteles.com\/gran-balneario-de-guitiriz\/wp-json\/wp\/v2\/types\/product"}],"wp:featuredmedia":[{"embeddable":true,"href":"https:\/\/shop.iberikhoteles.com\/gran-balneario-de-guitiriz\/wp-json\/wp\/v2\/media\/620"}],"wp:attachment":[{"href":"https:\/\/shop.iberikhoteles.com\/gran-balneario-de-guitiriz\/wp-json\/wp\/v2\/media?parent=619"}],"wp:term":[{"taxonomy":"product_brand","embeddable":true,"href":"https:\/\/shop.iberikhoteles.com\/gran-balneario-de-guitiriz\/wp-json\/wp\/v2\/product_brand?post=619"},{"taxonomy":"product_cat","embeddable":true,"href":"https:\/\/shop.iberikhoteles.com\/gran-balneario-de-guitiriz\/wp-json\/wp\/v2\/product_cat?post=619"},{"taxonomy":"product_tag","embeddable":true,"href":"https:\/\/shop.iberikhoteles.com\/gran-balneario-de-guitiriz\/wp-json\/wp\/v2\/product_tag?post=619"}],"curies":[{"name":"wp","href":"https:\/\/api.w.org\/{rel}","templated":true}]}}