{"id":1207,"date":"2024-10-15T20:23:58","date_gmt":"2024-10-15T18:23:58","guid":{"rendered":"https:\/\/shop.iberikhoteles.com\/gran-balneario-de-guitiriz\/?post_type=product&#038;p=1207"},"modified":"2026-03-27T14:08:49","modified_gmt":"2026-03-27T13:08:49","slug":"escapada-deluxe-by-alqvimia","status":"publish","type":"product","link":"https:\/\/shop.iberikhoteles.com\/gran-balneario-de-guitiriz\/producto\/escapada-deluxe-by-alqvimia\/","title":{"rendered":"Escapada Deluxe by Alqvimia"},"content":{"rendered":"<h4><strong>Una invitaci\u00f3n al lujo sensorial y al descanso absoluto.<\/strong><\/h4>\n<div>\n<p>Esta experiencia ha sido concebida para quienes entienden el bienestar como un todo: un entorno hist\u00f3rico, el cuidado exclusivo de la piel y, por supuesto, la excelencia culinaria. La estancia en Iberik Gran Balneario de Guitiriz se convierte en un refugio donde el tiempo se detiene.<\/p>\n<\/div>\n<p><!--more--><\/p>\n<div>\n<p>7 Mui\u00f1os, nuestro espacio gastron\u00f3mico de referencia. All\u00ed, rodeados por la calma del bosque, disfrutar\u00e9is de una experiencia gastron\u00f3mica donde el producto de temporada y la cocina de autor cobran vida, convirtiendo cada plato en un homenaje al sabor de Galicia.<\/p>\n<p>La experiencia culmina en nuestro balneario, recientemente galardonado como Best Thermal Spa 2025. En este escenario de salud premiado, disfrutar\u00e1n de las propiedades de nuestras aguas y de un exclusivo ritual con productos Alqvimia, marca referente en alta cosm\u00e9tica natural, para armonizar cuerpo y mente.<\/p>\n<\/div>\n<p data-path-to-node=\"10\"><b>Esta experiencia exclusiva incluye:<\/b><\/p>\n<ul>\n<li>\n<p data-path-to-node=\"11,0,0\"><b>Alojamiento y desayuno:<\/b> Estancia en habitaci\u00f3n doble con todas las comodidades para 2 personas.<\/p>\n<\/li>\n<li>\n<p data-path-to-node=\"11,1,0\"><b>Cena o almuerzo en el Restaurante 7 Mui\u00f1os:<\/b> Podr\u00e1s disfrutar de un sorprendente men\u00fa degustaci\u00f3n elaborado con productos seleccionados por nuestro chef. 5 pases que incluyen productos del mar y de la tierra dise\u00f1ado para sorprender a los paladares m\u00e1s exigentes. <em>(Bebidas no incluidas)<\/em><\/p>\n<\/li>\n<li><b>Acceso al circuito acu\u00e1tico <\/b><i>(90 minutos)<\/i>:\u00a0Relajaos juntos en nuestras instalaciones premiadas, disfrutando de las piscinas activas y los beneficios de nuestras aguas termales.<\/li>\n<li>\n<p data-path-to-node=\"11,2,0\"><b>Ritual Alqvimia:<\/b> Tratamiento exclusivo de belleza y relajaci\u00f3n con aceites esenciales de alta gama. (a elegir)<\/p>\n<ul>\n<li><span style=\"text-decoration: underline;\">Ritual Oasis de Serenidad:<\/span> Este ritual proporciona una agradable sensaci\u00f3n de paz interior y de relajaci\u00f3n profunda que abarcar\u00e1 cuerpo, mente y emociones. Mucho m\u00e1s all\u00e1 de un momento de relax, con este ritual de serenidad recuperar\u00e1s la\u00a0 armon\u00eda interior mediante un tratamiento corporal anti-estr\u00e9s combinado con un tratamiento facial nutritivo e hidratante.<\/li>\n<li><span style=\"text-decoration: underline;\">Ritual Reyes de Egipto:<\/span> Se trata de un tratamiento depurativo, desintoxicante y un gran rejuvenecedor a nivel corporal. Los productos de la gama Alqvimia son potentes regeneradores, aportando elasticidad y nutrici\u00f3n a la dermis. Los aceites esenciales de mirra e incienso son de alto peso molecular, lo que permite trabajar muy bien la capa m\u00e1s externa de la piel, regenerando y rellenando peque\u00f1as arrugas. Tras el tratamiento la piel lucir\u00e1 brillante y aterciopelada. A su vez, la aromaterapia empleada en el ritual aportar\u00e1 calma, serenidad y paz interior.<\/li>\n<\/ul>\n<\/li>\n<\/ul>\n<p><em>Este bono regalo no podr\u00e1 ser usado en agosto, puentes y festivos. No ser\u00e1 v\u00e1lido en galas organizadas por el hotel y estar\u00e1 sujeto a la\u00a0 disponibilidad del cupo de bonos regalo del establecimiento.<\/em><\/p>\n","protected":false},"excerpt":{"rendered":"<p>Una invitaci\u00f3n al lujo sensorial y al descanso absoluto. Esta experiencia ha sido concebida para quienes entienden el bienestar como un todo: un entorno hist\u00f3rico, el cuidado exclusivo de la piel y, por supuesto, la excelencia culinaria. La estancia en Iberik Gran Balneario de Guitiriz se convierte en un refugio donde el tiempo se detiene.<\/p>\n","protected":false},"featured_media":1209,"template":"","meta":{"inline_featured_image":false},"product_brand":[],"product_cat":[50],"product_tag":[44,47,48],"class_list":{"0":"post-1207","1":"product","2":"type-product","3":"status-publish","4":"has-post-thumbnail","6":"product_cat-iberik-gran-balneario-de-guitiriz","7":"product_tag-romantico","8":"product_tag-termalismo","9":"product_tag-wellness","11":"first","12":"instock","13":"virtual","14":"purchasable","15":"product-type-simple"},"_links":{"self":[{"href":"https:\/\/shop.iberikhoteles.com\/gran-balneario-de-guitiriz\/wp-json\/wp\/v2\/product\/1207","targetHints":{"allow":["GET"]}}],"collection":[{"href":"https:\/\/shop.iberikhoteles.com\/gran-balneario-de-guitiriz\/wp-json\/wp\/v2\/product"}],"about":[{"href":"https:\/\/shop.iberikhoteles.com\/gran-balneario-de-guitiriz\/wp-json\/wp\/v2\/types\/product"}],"wp:featuredmedia":[{"embeddable":true,"href":"https:\/\/shop.iberikhoteles.com\/gran-balneario-de-guitiriz\/wp-json\/wp\/v2\/media\/1209"}],"wp:attachment":[{"href":"https:\/\/shop.iberikhoteles.com\/gran-balneario-de-guitiriz\/wp-json\/wp\/v2\/media?parent=1207"}],"wp:term":[{"taxonomy":"product_brand","embeddable":true,"href":"https:\/\/shop.iberikhoteles.com\/gran-balneario-de-guitiriz\/wp-json\/wp\/v2\/product_brand?post=1207"},{"taxonomy":"product_cat","embeddable":true,"href":"https:\/\/shop.iberikhoteles.com\/gran-balneario-de-guitiriz\/wp-json\/wp\/v2\/product_cat?post=1207"},{"taxonomy":"product_tag","embeddable":true,"href":"https:\/\/shop.iberikhoteles.com\/gran-balneario-de-guitiriz\/wp-json\/wp\/v2\/product_tag?post=1207"}],"curies":[{"name":"wp","href":"https:\/\/api.w.org\/{rel}","templated":true}]}}