{"id":667,"date":"2024-02-21T19:52:21","date_gmt":"2024-02-21T18:52:21","guid":{"rendered":"https:\/\/shop.iberikhoteles.com\/?post_type=product&#038;p=667"},"modified":"2026-04-06T17:20:45","modified_gmt":"2026-04-06T15:20:45","slug":"golf-ribeira-sacra","status":"publish","type":"product","link":"https:\/\/shop.iberikhoteles.com\/augas-santas-balneario-golf\/producto\/golf-ribeira-sacra\/","title":{"rendered":"Relax &#038; Golf en Ribeira Sacra"},"content":{"rendered":"<p class=\"subtitle-font\">Desconexi\u00f3n y ocio en el coraz\u00f3n de la Ribeira Sacra.<\/p>\n<p class=\"subtitle-font\">Disfruta de una estancia perfecta en nuestras acogedoras habitaciones y de un completo desayuno buffet al despertarte. Practica tu mejor swing en el su campo de golf dise\u00f1ado por Alfonso Vidaor <!--more--><\/p>\n<p class=\"subtitle-font\">O rel\u00e1jate en las aguas terap\u00e9uticas de nuestro balneario durante 90 minutos.<\/p>\n<p class=\"subtitle-font\">El campo ofrece 18 hoyos con recorrido par 70 en un terreno con suave relieve, lo que convierte el juego en un paseo en plena naturaleza.<\/p>\n<p class=\"subtitle-font\"><strong>El bono incluye:<\/strong><\/p>\n<ul>\n<li class=\"subtitle-font\">1 noche para dos personas en r\u00e9gimen de alojamiento y desayuno buffet<\/li>\n<li class=\"subtitle-font\">1 acceso al Circuito Termal por persona (90 minutos de duraci\u00f3n) o 1 Green fee<\/li>\n<li>V\u00e1lido para entradas cualquier d\u00eda de la semana, sujeto a disponibilidad.<\/li>\n<li>No v\u00e1lido para torneos.<\/li>\n<\/ul>\n<p><em>Este bono regalo no podr\u00e1 ser usado en agosto, puentes y festivos. No ser\u00e1 v\u00e1lido en galas organizadas por el hotel y estar\u00e1 sujeto a la\u00a0 disponibilidad del cupo de bonos regalo del establecimiento. Para poder acceder al campo de golf, es imprescindible disponer de licencia federativa en vigor y acreditar el h\u00e1ndicap correspondiente.<\/em><\/p>\n","protected":false},"excerpt":{"rendered":"<p>Desconexi\u00f3n y ocio en el coraz\u00f3n de la Ribeira Sacra. Disfruta de una estancia perfecta en nuestras acogedoras habitaciones y de un completo desayuno buffet al despertarte. Practica tu mejor swing en el su campo de golf dise\u00f1ado por Alfonso Vidaor<\/p>\n","protected":false},"featured_media":669,"template":"","meta":{"inline_featured_image":false},"product_brand":[],"product_cat":[51],"product_tag":[44,47,48],"class_list":{"0":"post-667","1":"product","2":"type-product","3":"status-publish","4":"has-post-thumbnail","6":"product_cat-iberik-augas-santas","7":"product_tag-romantico","8":"product_tag-termalismo","9":"product_tag-wellness","11":"first","12":"instock","13":"virtual","14":"purchasable","15":"product-type-simple"},"_links":{"self":[{"href":"https:\/\/shop.iberikhoteles.com\/augas-santas-balneario-golf\/wp-json\/wp\/v2\/product\/667","targetHints":{"allow":["GET"]}}],"collection":[{"href":"https:\/\/shop.iberikhoteles.com\/augas-santas-balneario-golf\/wp-json\/wp\/v2\/product"}],"about":[{"href":"https:\/\/shop.iberikhoteles.com\/augas-santas-balneario-golf\/wp-json\/wp\/v2\/types\/product"}],"wp:featuredmedia":[{"embeddable":true,"href":"https:\/\/shop.iberikhoteles.com\/augas-santas-balneario-golf\/wp-json\/wp\/v2\/media\/669"}],"wp:attachment":[{"href":"https:\/\/shop.iberikhoteles.com\/augas-santas-balneario-golf\/wp-json\/wp\/v2\/media?parent=667"}],"wp:term":[{"taxonomy":"product_brand","embeddable":true,"href":"https:\/\/shop.iberikhoteles.com\/augas-santas-balneario-golf\/wp-json\/wp\/v2\/product_brand?post=667"},{"taxonomy":"product_cat","embeddable":true,"href":"https:\/\/shop.iberikhoteles.com\/augas-santas-balneario-golf\/wp-json\/wp\/v2\/product_cat?post=667"},{"taxonomy":"product_tag","embeddable":true,"href":"https:\/\/shop.iberikhoteles.com\/augas-santas-balneario-golf\/wp-json\/wp\/v2\/product_tag?post=667"}],"curies":[{"name":"wp","href":"https:\/\/api.w.org\/{rel}","templated":true}]}}