{"id":660,"date":"2024-02-21T19:36:31","date_gmt":"2024-02-21T18:36:31","guid":{"rendered":"https:\/\/shop.iberikhoteles.com\/?post_type=product&#038;p=660"},"modified":"2026-03-27T14:15:37","modified_gmt":"2026-03-27T13:15:37","slug":"escapada-romantica-en-ribeira-sacra","status":"publish","type":"product","link":"https:\/\/shop.iberikhoteles.com\/augas-santas-balneario-golf\/producto\/escapada-romantica-en-ribeira-sacra\/","title":{"rendered":"Escapada rom\u00e1ntica en Ribeira Sacra"},"content":{"rendered":"<p class=\"subtitle-font\">Nuestra experiencia m\u00e1s completa en el coraz\u00f3n de la Ribeira Sacra combinando gastronom\u00eda y descanso en un entorno \u00fanico. Disfruta de una estancia perfecta en nuestras acogedoras habitaciones, de un completo desayuno buffet y una cena muy especial.<\/p>\n<p><!--more--><\/p>\n<p class=\"subtitle-font\">Un men\u00fa degustaci\u00f3n de productos t\u00edpicos de la zona acompa\u00f1ado de cava con el que iniciar\u00e1s un viaje a trav\u00e9s de los sentidos.<\/p>\n<p class=\"subtitle-font\">Rel\u00e1jate en las aguas terap\u00e9uticas de nuestro balneario y m\u00edmate con un tratamiento corporal reconfortante con productos nutritivos e hidratantes que proporcionar\u00e1n a tu piel una dosis extra de cuidado y protecci\u00f3n. Combina la hidroterapia con una excelente gastronom\u00eda y un descanso de diez: \u00a1un regalo perfecto!<\/p>\n<p class=\"subtitle-font\"><strong>El bono incluye:<\/strong><\/p>\n<ul>\n<li class=\"subtitle-font\">1 noche para dos personas en r\u00e9gimen de media pensi\u00f3n (cena men\u00fa degustaci\u00f3n)<\/li>\n<li class=\"subtitle-font\">1 acceso al Circuito Termal por persona (90 minutos de duraci\u00f3n)<\/li>\n<li class=\"subtitle-font\">1 Tratamiento Termal por persona: Hidrataci\u00f3n Corporal<\/li>\n<li>V\u00e1lido para entradas cualquier d\u00eda de la semana, sujeto a disponibilidad.<\/li>\n<\/ul>\n<p><em>Este bono regalo no podr\u00e1 ser usado en agosto, puentes y festivos. No ser\u00e1 v\u00e1lido en galas organizadas por el hotel y estar\u00e1 sujeto a la\u00a0 disponibilidad del cupo de bonos regalo del establecimiento.<\/em><\/p>\n","protected":false},"excerpt":{"rendered":"<p>Nuestra experiencia m\u00e1s completa en el coraz\u00f3n de la Ribeira Sacra combinando gastronom\u00eda y descanso en un entorno \u00fanico. Disfruta de una estancia perfecta en nuestras acogedoras habitaciones, de un completo desayuno buffet y una cena muy especial.<\/p>\n","protected":false},"featured_media":663,"template":"","meta":{"inline_featured_image":false},"product_brand":[],"product_cat":[51],"product_tag":[44,47,48],"class_list":{"0":"post-660","1":"product","2":"type-product","3":"status-publish","4":"has-post-thumbnail","6":"product_cat-iberik-augas-santas","7":"product_tag-romantico","8":"product_tag-termalismo","9":"product_tag-wellness","11":"first","12":"instock","13":"virtual","14":"purchasable","15":"product-type-simple"},"_links":{"self":[{"href":"https:\/\/shop.iberikhoteles.com\/augas-santas-balneario-golf\/wp-json\/wp\/v2\/product\/660","targetHints":{"allow":["GET"]}}],"collection":[{"href":"https:\/\/shop.iberikhoteles.com\/augas-santas-balneario-golf\/wp-json\/wp\/v2\/product"}],"about":[{"href":"https:\/\/shop.iberikhoteles.com\/augas-santas-balneario-golf\/wp-json\/wp\/v2\/types\/product"}],"wp:featuredmedia":[{"embeddable":true,"href":"https:\/\/shop.iberikhoteles.com\/augas-santas-balneario-golf\/wp-json\/wp\/v2\/media\/663"}],"wp:attachment":[{"href":"https:\/\/shop.iberikhoteles.com\/augas-santas-balneario-golf\/wp-json\/wp\/v2\/media?parent=660"}],"wp:term":[{"taxonomy":"product_brand","embeddable":true,"href":"https:\/\/shop.iberikhoteles.com\/augas-santas-balneario-golf\/wp-json\/wp\/v2\/product_brand?post=660"},{"taxonomy":"product_cat","embeddable":true,"href":"https:\/\/shop.iberikhoteles.com\/augas-santas-balneario-golf\/wp-json\/wp\/v2\/product_cat?post=660"},{"taxonomy":"product_tag","embeddable":true,"href":"https:\/\/shop.iberikhoteles.com\/augas-santas-balneario-golf\/wp-json\/wp\/v2\/product_tag?post=660"}],"curies":[{"name":"wp","href":"https:\/\/api.w.org\/{rel}","templated":true}]}}