{"id":654,"date":"2024-02-21T19:22:06","date_gmt":"2024-02-21T18:22:06","guid":{"rendered":"https:\/\/shop.iberikhoteles.com\/?post_type=product&#038;p=654"},"modified":"2026-03-27T14:26:02","modified_gmt":"2026-03-27T13:26:02","slug":"escapada-relax-ribeira-sacra","status":"publish","type":"product","link":"https:\/\/shop.iberikhoteles.com\/augas-santas-balneario-golf\/producto\/escapada-relax-ribeira-sacra\/","title":{"rendered":"Escapada relax en Ribeira Sacra"},"content":{"rendered":"<div>\n<div>Desconexi\u00f3n y bienestar en el coraz\u00f3n de la Ribeira Sacra.<\/div>\n<div>Disfruta de una estancia perfecta en nuestras acogedoras habitaciones y de un completo desayuno buffet al despertarte.<\/div>\n<div>Rel\u00e1jate en las aguas terap\u00e9uticas de su balneario durante 90 minutos.<\/div>\n<\/div>\n<div><\/div>\n<p><!--more--><\/p>\n<p><span style=\"text-decoration: underline;\">El bono incluye:<\/span><\/p>\n<ul>\n<li>1 noche para dos personas en r\u00e9gimen de alojamiento y desayuno buffet<\/li>\n<li>1 acceso al Circuito Termal por persona (90 minutos de duraci\u00f3n)<\/li>\n<\/ul>\n<p><em>Este bono regalo no podr\u00e1 ser usado en agosto, puentes y festivos. No ser\u00e1 v\u00e1lido en galas organizadas por el hotel y estar\u00e1 sujeto a la\u00a0 disponibilidad del cupo de bonos regalo del establecimiento.<\/em><\/p>\n","protected":false},"excerpt":{"rendered":"<p>Desconexi\u00f3n y bienestar en el coraz\u00f3n de la Ribeira Sacra. Disfruta de una estancia perfecta en nuestras acogedoras habitaciones y de un completo desayuno buffet al despertarte. Rel\u00e1jate en las aguas terap\u00e9uticas de su balneario durante 90 minutos.<\/p>\n","protected":false},"featured_media":661,"template":"","meta":{"inline_featured_image":false},"product_brand":[],"product_cat":[51],"product_tag":[44,47,48],"class_list":{"0":"post-654","1":"product","2":"type-product","3":"status-publish","4":"has-post-thumbnail","6":"product_cat-iberik-augas-santas","7":"product_tag-romantico","8":"product_tag-termalismo","9":"product_tag-wellness","11":"first","12":"instock","13":"shipping-taxable","14":"purchasable","15":"product-type-variable"},"_links":{"self":[{"href":"https:\/\/shop.iberikhoteles.com\/augas-santas-balneario-golf\/wp-json\/wp\/v2\/product\/654","targetHints":{"allow":["GET"]}}],"collection":[{"href":"https:\/\/shop.iberikhoteles.com\/augas-santas-balneario-golf\/wp-json\/wp\/v2\/product"}],"about":[{"href":"https:\/\/shop.iberikhoteles.com\/augas-santas-balneario-golf\/wp-json\/wp\/v2\/types\/product"}],"wp:featuredmedia":[{"embeddable":true,"href":"https:\/\/shop.iberikhoteles.com\/augas-santas-balneario-golf\/wp-json\/wp\/v2\/media\/661"}],"wp:attachment":[{"href":"https:\/\/shop.iberikhoteles.com\/augas-santas-balneario-golf\/wp-json\/wp\/v2\/media?parent=654"}],"wp:term":[{"taxonomy":"product_brand","embeddable":true,"href":"https:\/\/shop.iberikhoteles.com\/augas-santas-balneario-golf\/wp-json\/wp\/v2\/product_brand?post=654"},{"taxonomy":"product_cat","embeddable":true,"href":"https:\/\/shop.iberikhoteles.com\/augas-santas-balneario-golf\/wp-json\/wp\/v2\/product_cat?post=654"},{"taxonomy":"product_tag","embeddable":true,"href":"https:\/\/shop.iberikhoteles.com\/augas-santas-balneario-golf\/wp-json\/wp\/v2\/product_tag?post=654"}],"curies":[{"name":"wp","href":"https:\/\/api.w.org\/{rel}","templated":true}]}}