{"id":342,"date":"2023-07-12T12:16:38","date_gmt":"2023-07-12T12:16:38","guid":{"rendered":"https:\/\/iberik.neozinkwp.com\/?post_type=product&#038;p=342"},"modified":"2026-03-27T14:16:24","modified_gmt":"2026-03-27T13:16:24","slug":"gastronomia-y-salud","status":"publish","type":"product","link":"https:\/\/shop.iberikhoteles.com\/augas-santas-balneario-golf\/producto\/gastronomia-y-salud\/","title":{"rendered":"Gastronom\u00eda y salud"},"content":{"rendered":"<p>Descubre Iberik Augas Santas Balneario &amp; Golf y experimenta la sensaci\u00f3n maravillosa del descanso en el coraz\u00f3n de la Ribeira Sacra. Disfruta de una estancia perfecta en nuestras acogedoras habitaciones y de un completo desayuno buffet al despertarte.<!--more--><\/p>\n<p>Una cena buffet con productos t\u00edpicos de la zona os estar\u00e1 esperando para terminar un d\u00eda perfecto. Disfruta y rel\u00e1jate en las aguas terap\u00e9uticas de nuestro balneario y atesora un recuerdo imborrable.<\/p>\n<p>&nbsp;<\/p>\n<p><strong>El bono incluye:<\/strong><\/p>\n<ul>\n<li>1 noche para dos personas en r\u00e9gimen de media pensi\u00f3n (cena buffet)<\/li>\n<li>1 acceso al Circuito Termal por persona (90 minutos de duraci\u00f3n)<\/li>\n<li>V\u00e1lido para entradas cualquier d\u00eda de la semana, sujeto a disponibilidad<\/li>\n<\/ul>\n<p><em>Este bono regalo no podr\u00e1 ser usado en agosto, puentes y festivos. No ser\u00e1 v\u00e1lido en galas organizadas por el hotel y estar\u00e1 sujeto a la\u00a0 disponibilidad del cupo de bonos regalo del establecimiento.<\/em><\/p>\n","protected":false},"excerpt":{"rendered":"<p>Combina el alojamiento en un hotel excepcional con club termal y una exquisita cena buffet.<\/p>\n","protected":false},"featured_media":662,"template":"","meta":{"inline_featured_image":false},"product_brand":[],"product_cat":[51],"product_tag":[43,47,48],"class_list":{"0":"post-342","1":"product","2":"type-product","3":"status-publish","4":"has-post-thumbnail","6":"product_cat-iberik-augas-santas","7":"product_tag-gastronomia","8":"product_tag-termalismo","9":"product_tag-wellness","11":"first","12":"instock","13":"virtual","14":"purchasable","15":"product-type-simple"},"_links":{"self":[{"href":"https:\/\/shop.iberikhoteles.com\/augas-santas-balneario-golf\/wp-json\/wp\/v2\/product\/342","targetHints":{"allow":["GET"]}}],"collection":[{"href":"https:\/\/shop.iberikhoteles.com\/augas-santas-balneario-golf\/wp-json\/wp\/v2\/product"}],"about":[{"href":"https:\/\/shop.iberikhoteles.com\/augas-santas-balneario-golf\/wp-json\/wp\/v2\/types\/product"}],"wp:featuredmedia":[{"embeddable":true,"href":"https:\/\/shop.iberikhoteles.com\/augas-santas-balneario-golf\/wp-json\/wp\/v2\/media\/662"}],"wp:attachment":[{"href":"https:\/\/shop.iberikhoteles.com\/augas-santas-balneario-golf\/wp-json\/wp\/v2\/media?parent=342"}],"wp:term":[{"taxonomy":"product_brand","embeddable":true,"href":"https:\/\/shop.iberikhoteles.com\/augas-santas-balneario-golf\/wp-json\/wp\/v2\/product_brand?post=342"},{"taxonomy":"product_cat","embeddable":true,"href":"https:\/\/shop.iberikhoteles.com\/augas-santas-balneario-golf\/wp-json\/wp\/v2\/product_cat?post=342"},{"taxonomy":"product_tag","embeddable":true,"href":"https:\/\/shop.iberikhoteles.com\/augas-santas-balneario-golf\/wp-json\/wp\/v2\/product_tag?post=342"}],"curies":[{"name":"wp","href":"https:\/\/api.w.org\/{rel}","templated":true}]}}