{"id":328,"date":"2023-07-12T08:07:45","date_gmt":"2023-07-12T08:07:45","guid":{"rendered":"https:\/\/iberik.neozinkwp.com\/?post_type=product&#038;p=328"},"modified":"2026-03-31T13:32:40","modified_gmt":"2026-03-31T11:32:40","slug":"bono-de-10-accesos-al-circuito-acuatico-augas-santas","status":"publish","type":"product","link":"https:\/\/shop.iberikhoteles.com\/augas-santas-balneario-golf\/producto\/bono-de-10-accesos-al-circuito-acuatico-augas-santas\/","title":{"rendered":"Bono de 10 accesos al circuito acu\u00e1tico"},"content":{"rendered":"<div>No te quedes sin tu sesi\u00f3n de circuito termal.<\/div>\n<div><\/div>\n<div>Disfruta y rel\u00e1jate en las aguas terap\u00e9uticas de nuestro balneario y atesora un recuerdo imborrable.<\/div>\n<p>El bono incluye 10 accesos al circuito acu\u00e1tico, de una hora y media.<\/p>\n<p><!--more--><\/p>\n<p><em>Este bono regalo no podr\u00e1 ser usado en agosto, puentes y festivos. No ser\u00e1 v\u00e1lido en galas organizadas por el hotel y estar\u00e1 sujeto a la\u00a0 disponibilidad del cupo de bonos regalo del establecimiento.<\/em><\/p>\n","protected":false},"excerpt":{"rendered":"<p>No te quedes sin tu sesi\u00f3n de circuito termal. Disfruta y rel\u00e1jate en las aguas terap\u00e9uticas de nuestro balneario y atesora un recuerdo imborrable. El bono incluye 10 accesos al circuito acu\u00e1tico, de una hora y media.<\/p>\n","protected":false},"featured_media":329,"template":"","meta":{"inline_featured_image":false},"product_brand":[],"product_cat":[51],"product_tag":[47,48],"class_list":{"0":"post-328","1":"product","2":"type-product","3":"status-publish","4":"has-post-thumbnail","6":"product_cat-iberik-augas-santas","7":"product_tag-termalismo","8":"product_tag-wellness","10":"first","11":"instock","12":"virtual","13":"purchasable","14":"product-type-simple"},"_links":{"self":[{"href":"https:\/\/shop.iberikhoteles.com\/augas-santas-balneario-golf\/wp-json\/wp\/v2\/product\/328","targetHints":{"allow":["GET"]}}],"collection":[{"href":"https:\/\/shop.iberikhoteles.com\/augas-santas-balneario-golf\/wp-json\/wp\/v2\/product"}],"about":[{"href":"https:\/\/shop.iberikhoteles.com\/augas-santas-balneario-golf\/wp-json\/wp\/v2\/types\/product"}],"wp:featuredmedia":[{"embeddable":true,"href":"https:\/\/shop.iberikhoteles.com\/augas-santas-balneario-golf\/wp-json\/wp\/v2\/media\/329"}],"wp:attachment":[{"href":"https:\/\/shop.iberikhoteles.com\/augas-santas-balneario-golf\/wp-json\/wp\/v2\/media?parent=328"}],"wp:term":[{"taxonomy":"product_brand","embeddable":true,"href":"https:\/\/shop.iberikhoteles.com\/augas-santas-balneario-golf\/wp-json\/wp\/v2\/product_brand?post=328"},{"taxonomy":"product_cat","embeddable":true,"href":"https:\/\/shop.iberikhoteles.com\/augas-santas-balneario-golf\/wp-json\/wp\/v2\/product_cat?post=328"},{"taxonomy":"product_tag","embeddable":true,"href":"https:\/\/shop.iberikhoteles.com\/augas-santas-balneario-golf\/wp-json\/wp\/v2\/product_tag?post=328"}],"curies":[{"name":"wp","href":"https:\/\/api.w.org\/{rel}","templated":true}]}}