{"id":2292,"date":"2026-03-31T13:16:18","date_gmt":"2026-03-31T11:16:18","guid":{"rendered":"https:\/\/shop.iberikhoteles.com\/augas-santas-balneario-golf\/?post_type=product&#038;p=2292"},"modified":"2026-04-07T17:08:17","modified_gmt":"2026-04-07T15:08:17","slug":"territorio-augas-santas","status":"publish","type":"product","link":"https:\/\/shop.iberikhoteles.com\/augas-santas-balneario-golf\/producto\/territorio-augas-santas\/","title":{"rendered":"Territorio Augas Santas"},"content":{"rendered":"<p>Disfruta de una experiencia a elegir en Hotel Iberik Augas Santas Balneario &amp; Golf que combina relax o deporte con la mejor propuesta gastron\u00f3mica.<\/p>\n<p>Podr\u00e1s relajarte en las aguas terap\u00e9uticas de nuestro balneario durante 90 minutos o bien disfrutar de nuestro campo de golf y sus 18 hoyos con recorrido par 70 en un terreno con suave relieve, lo que convierte el juego en un paseo en plena naturaleza.<\/p>\n<p><!--more--><\/p>\n<p>El bono incluye:<\/p>\n<ul>\n<li>1 Acceso al Balneario para desconectar cuerpo y mente o 1 Green fee en nuestro campo de golf de 18 hoyos.<\/li>\n<li>1 Men\u00fa Gastron\u00f3mico, donde tradici\u00f3n y creatividad se unen en cada plato.<\/li>\n<\/ul>\n<p>&nbsp;<\/p>\n<p>Una propuesta culinaria que rinde homenaje a los sabores aut\u00e9nticos de Galicia, donde el producto de proximidad y la calidad de la materia prima son los verdaderos protagonistas. Combinando mar y tierra en elaboraciones cuidadas que respetan el origen, se realza el sabor natural de cada ingrediente.<\/p>\n<p>Pescados frescos, carnes seleccionadas y productos locales se unen en una experiencia equilibrada, acompa\u00f1ada de vinos con denominaci\u00f3n de origen que completan el viaje sensorial. Una cocina honesta, elegante y llena de identidad, pensada para disfrutar sin prisas en un entorno \u00fanico como el de Iberik Augas Santas Balneario &amp; Golf.<\/p>\n<p>&nbsp;<\/p>\n<p><em>Este bono es <strong>v\u00e1lido para una persona<\/strong> y podr\u00e1 ser usado cualquier d\u00eda de la semana excepto en agosto, puentes, festivos y torneos de golf especiales. No ser\u00e1 v\u00e1lido en galas organizadas por el hotel y siempre sujeto a la disponibilidad del cupo de bonos regalo del establecimiento. Imprescindible reserva previa. Para poder acceder al campo de golf, es imprescindible disponer de licencia federativa en vigor.<\/em><\/p>\n<p>&nbsp;<\/p>\n","protected":false},"excerpt":{"rendered":"<p>Disfruta de una experiencia a elegir en Hotel Iberik Augas Santas Balneario &amp; Golf que combina relax o deporte con la mejor propuesta gastron\u00f3mica. Podr\u00e1s relajarte en las aguas terap\u00e9uticas de nuestro balneario durante 90 minutos o bien disfrutar de nuestro campo de golf y sus 18 hoyos con recorrido par 70 en un terreno [&hellip;]<\/p>\n","protected":false},"featured_media":178,"template":"","meta":{"inline_featured_image":false},"product_brand":[],"product_cat":[51],"product_tag":[43,57,47,48],"class_list":{"0":"post-2292","1":"product","2":"type-product","3":"status-publish","4":"has-post-thumbnail","6":"product_cat-iberik-augas-santas","7":"product_tag-gastronomia","8":"product_tag-golf","9":"product_tag-termalismo","10":"product_tag-wellness","12":"first","13":"instock","14":"shipping-taxable","15":"purchasable","16":"product-type-simple"},"_links":{"self":[{"href":"https:\/\/shop.iberikhoteles.com\/augas-santas-balneario-golf\/wp-json\/wp\/v2\/product\/2292","targetHints":{"allow":["GET"]}}],"collection":[{"href":"https:\/\/shop.iberikhoteles.com\/augas-santas-balneario-golf\/wp-json\/wp\/v2\/product"}],"about":[{"href":"https:\/\/shop.iberikhoteles.com\/augas-santas-balneario-golf\/wp-json\/wp\/v2\/types\/product"}],"wp:featuredmedia":[{"embeddable":true,"href":"https:\/\/shop.iberikhoteles.com\/augas-santas-balneario-golf\/wp-json\/wp\/v2\/media\/178"}],"wp:attachment":[{"href":"https:\/\/shop.iberikhoteles.com\/augas-santas-balneario-golf\/wp-json\/wp\/v2\/media?parent=2292"}],"wp:term":[{"taxonomy":"product_brand","embeddable":true,"href":"https:\/\/shop.iberikhoteles.com\/augas-santas-balneario-golf\/wp-json\/wp\/v2\/product_brand?post=2292"},{"taxonomy":"product_cat","embeddable":true,"href":"https:\/\/shop.iberikhoteles.com\/augas-santas-balneario-golf\/wp-json\/wp\/v2\/product_cat?post=2292"},{"taxonomy":"product_tag","embeddable":true,"href":"https:\/\/shop.iberikhoteles.com\/augas-santas-balneario-golf\/wp-json\/wp\/v2\/product_tag?post=2292"}],"curies":[{"name":"wp","href":"https:\/\/api.w.org\/{rel}","templated":true}]}}